{"id":32,"date":"2012-11-12T12:14:58","date_gmt":"2012-11-12T12:14:58","guid":{"rendered":"http:\/\/aeleiria.com\/wp\/?page_id=32"},"modified":"2012-11-29T18:09:09","modified_gmt":"2012-11-29T18:09:09","slug":"estudo-sistematizado","status":"publish","type":"page","link":"https:\/\/aeleiria.com\/wp\/?page_id=32","title":{"rendered":"Estudo Sistematizado da Doutrina Esp\u00edrita  ( ESDE)"},"content":{"rendered":"<p style=\"text-align: left;\"><a href=\"https:\/\/aeleiria.com\/wp\/wp-content\/uploads\/2012\/11\/esde1.jpg\"><img decoding=\"async\" loading=\"lazy\" class=\"alignleft size-medium wp-image-490\" title=\"esde\" src=\"https:\/\/aeleiria.com\/wp\/wp-content\/uploads\/2012\/11\/esde1-300x196.jpg\" alt=\"\" width=\"300\" height=\"196\" srcset=\"https:\/\/aeleiria.com\/wp\/wp-content\/uploads\/2012\/11\/esde1-300x196.jpg 300w, https:\/\/aeleiria.com\/wp\/wp-content\/uploads\/2012\/11\/esde1-148x97.jpg 148w, https:\/\/aeleiria.com\/wp\/wp-content\/uploads\/2012\/11\/esde1-31x20.jpg 31w, https:\/\/aeleiria.com\/wp\/wp-content\/uploads\/2012\/11\/esde1-38x24.jpg 38w, https:\/\/aeleiria.com\/wp\/wp-content\/uploads\/2012\/11\/esde1-328x215.jpg 328w, https:\/\/aeleiria.com\/wp\/wp-content\/uploads\/2012\/11\/esde1-250x163.jpg 250w, https:\/\/aeleiria.com\/wp\/wp-content\/uploads\/2012\/11\/esde1.jpg 772w\" sizes=\"(max-width: 300px) 100vw, 300px\" \/><\/a>\u201cO que caracteriza um estudo s\u00e9rio \u00e9 a continuidade que se lhe d\u00e1 (&#8230;). Quem deseje tornar-se versado numa ci\u00eancia tem que estud\u00e1-la metodicamente, come\u00e7ando pelo princ\u00edpio e acompanhando o encadeamento e o desenvolvimento das id\u00e9ias.\u201d<\/p>\n<p style=\"text-align: left;\"><em>KARDEC, Allan. O Livro dos Esp\u00edritos. Introdu\u00e7\u00e3o VIII<strong>.<\/strong><\/em><strong> <\/strong><\/p>\n<p>\u00a0<strong><em>O QUE \u00c9 O ESDE ?<\/em><\/strong><strong><\/strong><\/p>\n<p>\u00c9 uma <a href=\"https:\/\/aeleiria.com\/wp\/wp-content\/uploads\/2012\/11\/esde11.jpg\"><img decoding=\"async\" loading=\"lazy\" class=\"alignleft  wp-image-492\" title=\"esde1\" src=\"https:\/\/aeleiria.com\/wp\/wp-content\/uploads\/2012\/11\/esde11-211x300.jpg\" alt=\"\" width=\"101\" height=\"127\" \/><\/a>\u00a0reuni\u00e3o privativa de grupos que objetiva o estudo met\u00f3dico, cont\u00ednuo e s\u00e9rio do Espiritismo, com programa\u00e7\u00e3o fundamentada na Codifica\u00e7\u00e3o Esp\u00edrita.<strong>\u00a0<\/strong><strong>\u00a0\u00a0\u00a0\u00a0\u00a0\u00a0\u00a0\u00a0\u00a0\u00a0\u00a0\u00a0\u00a0\u00a0\u00a0<\/strong>\u00a0\u00a0\u00a0\u00a0\u00a0\u00a0<a href=\"https:\/\/aeleiria.com\/wp\/wp-content\/uploads\/2012\/11\/esde2.jpg\"><img decoding=\"async\" loading=\"lazy\" class=\"alignleft  wp-image-493\" title=\"esde2\" src=\"https:\/\/aeleiria.com\/wp\/wp-content\/uploads\/2012\/11\/esde2-197x300.jpg\" alt=\"\" width=\"94\" height=\"127\" \/><\/a>\u00a0\u00a0\u00a0\u00a0<em><\/em><\/p>\n<p><em><a href=\"https:\/\/aeleiria.com\/wp\/wp-content\/uploads\/2012\/11\/esde3.jpg\"><img decoding=\"async\" loading=\"lazy\" class=\"alignleft  wp-image-494\" title=\"esde3\" src=\"https:\/\/aeleiria.com\/wp\/wp-content\/uploads\/2012\/11\/esde3-223x300.jpg\" alt=\"\" width=\"107\" height=\"144\" srcset=\"https:\/\/aeleiria.com\/wp\/wp-content\/uploads\/2012\/11\/esde3-223x300.jpg 223w, https:\/\/aeleiria.com\/wp\/wp-content\/uploads\/2012\/11\/esde3-110x148.jpg 110w, https:\/\/aeleiria.com\/wp\/wp-content\/uploads\/2012\/11\/esde3-23x31.jpg 23w, https:\/\/aeleiria.com\/wp\/wp-content\/uploads\/2012\/11\/esde3-28x38.jpg 28w, https:\/\/aeleiria.com\/wp\/wp-content\/uploads\/2012\/11\/esde3-160x215.jpg 160w, https:\/\/aeleiria.com\/wp\/wp-content\/uploads\/2012\/11\/esde3-186x250.jpg 186w, https:\/\/aeleiria.com\/wp\/wp-content\/uploads\/2012\/11\/esde3.jpg 230w\" sizes=\"(max-width: 107px) 100vw, 107px\" \/><\/a>Oferece uma vis\u00e3o panor\u00e2mica e doutrin\u00e1ria do Espiritismo e segue a ordem sequencial dos assuntos existentes n\u2019 <em>O Livro dos Esp\u00edritos <\/em><em><\/em><\/em><\/p>\n<p>&nbsp;<\/p>\n<p>&nbsp;<\/p>\n<p>&nbsp;<\/p>\n","protected":false},"excerpt":{"rendered":"<p>\u201cO que caracteriza um estudo s\u00e9rio \u00e9 a continuidade que se lhe d\u00e1 (&#8230;). Quem deseje tornar-se versado numa ci\u00eancia tem que estud\u00e1-la metodicamente, come\u00e7ando pelo princ\u00edpio e acompanhando o encadeamento e o desenvolvimento das id\u00e9ias.\u201d KARDEC, Allan. O Livro dos Esp\u00edritos. Introdu\u00e7\u00e3o VIII. \u00a0O QUE \u00c9 O ESDE ? \u00c9 uma \u00a0reuni\u00e3o privativa de [&hellip;]<\/p>\n","protected":false},"author":1,"featured_media":0,"parent":226,"menu_order":2,"comment_status":"closed","ping_status":"closed","template":"","meta":{"ngg_post_thumbnail":0},"_links":{"self":[{"href":"https:\/\/aeleiria.com\/wp\/index.php?rest_route=\/wp\/v2\/pages\/32"}],"collection":[{"href":"https:\/\/aeleiria.com\/wp\/index.php?rest_route=\/wp\/v2\/pages"}],"about":[{"href":"https:\/\/aeleiria.com\/wp\/index.php?rest_route=\/wp\/v2\/types\/page"}],"author":[{"embeddable":true,"href":"https:\/\/aeleiria.com\/wp\/index.php?rest_route=\/wp\/v2\/users\/1"}],"replies":[{"embeddable":true,"href":"https:\/\/aeleiria.com\/wp\/index.php?rest_route=%2Fwp%2Fv2%2Fcomments&post=32"}],"version-history":[{"count":24,"href":"https:\/\/aeleiria.com\/wp\/index.php?rest_route=\/wp\/v2\/pages\/32\/revisions"}],"predecessor-version":[{"id":624,"href":"https:\/\/aeleiria.com\/wp\/index.php?rest_route=\/wp\/v2\/pages\/32\/revisions\/624"}],"up":[{"embeddable":true,"href":"https:\/\/aeleiria.com\/wp\/index.php?rest_route=\/wp\/v2\/pages\/226"}],"wp:attachment":[{"href":"https:\/\/aeleiria.com\/wp\/index.php?rest_route=%2Fwp%2Fv2%2Fmedia&parent=32"}],"curies":[{"name":"wp","href":"https:\/\/api.w.org\/{rel}","templated":true}]}}