{"id":28,"date":"2012-11-12T12:07:00","date_gmt":"2012-11-12T12:07:00","guid":{"rendered":"http:\/\/aeleiria.com\/wp\/?page_id=28"},"modified":"2012-12-17T15:14:46","modified_gmt":"2012-12-17T15:14:46","slug":"horario","status":"publish","type":"page","link":"https:\/\/aeleiria.com\/wp\/?page_id=28","title":{"rendered":"Hor\u00e1rio"},"content":{"rendered":"<p><span style=\"color: #000000;\"><strong><a href=\"https:\/\/aeleiria.com\/wp\/?attachment_id=726\" rel=\"attachment wp-att-726\"><img decoding=\"async\" loading=\"lazy\" class=\"alignleft  wp-image-726\" alt=\"Nine O'Clock\" src=\"https:\/\/aeleiria.com\/wp\/wp-content\/uploads\/2012\/11\/9pm.jpg\" width=\"206\" height=\"206\" srcset=\"https:\/\/aeleiria.com\/wp\/wp-content\/uploads\/2012\/11\/9pm.jpg 1024w, https:\/\/aeleiria.com\/wp\/wp-content\/uploads\/2012\/11\/9pm-150x150.jpg 150w, https:\/\/aeleiria.com\/wp\/wp-content\/uploads\/2012\/11\/9pm-300x300.jpg 300w, https:\/\/aeleiria.com\/wp\/wp-content\/uploads\/2012\/11\/9pm-148x148.jpg 148w, https:\/\/aeleiria.com\/wp\/wp-content\/uploads\/2012\/11\/9pm-31x31.jpg 31w, https:\/\/aeleiria.com\/wp\/wp-content\/uploads\/2012\/11\/9pm-38x38.jpg 38w, https:\/\/aeleiria.com\/wp\/wp-content\/uploads\/2012\/11\/9pm-215x215.jpg 215w, https:\/\/aeleiria.com\/wp\/wp-content\/uploads\/2012\/11\/9pm-200x200.jpg 200w, https:\/\/aeleiria.com\/wp\/wp-content\/uploads\/2012\/11\/9pm-250x250.jpg 250w, https:\/\/aeleiria.com\/wp\/wp-content\/uploads\/2012\/11\/9pm-48x48.jpg 48w\" sizes=\"(max-width: 206px) 100vw, 206px\" \/><\/a>Atendimento fraterno <\/strong><\/span><\/p>\n<p>&gt;\u00a0Ter\u00e7a-feira: das 14:00 \u00e0s 15h30<\/p>\n<div>\n<p>&gt; Quarta e Sexta-feira: das\u00a019h \u00e0s 20h15<\/p>\n<p>&nbsp;<\/p>\n<p>&nbsp;<\/p>\n<p>&nbsp;<\/p>\n<h1 style=\"text-align: center;\">ATIVIDADES<\/h1>\n<div><\/div>\n<div style=\"text-align: left;\"><strong>2\u00aa Feira<\/strong><\/div>\n<\/div>\n<p style=\"text-align: left;\">20:30 h &#8211; Estudo Sistematizado da Doutrina Esp\u00edrita, curso de passes.<\/p>\n<p style=\"text-align: left;\"><strong>3\u00aa Feira<\/strong><\/p>\n<p style=\"text-align: left;\">15:00 h &#8211; Palestra p\u00fablica, atendimento fraterno,\u00a0passe, assitencia espiritual<\/p>\n<p><strong>4\u00aa Feira<\/strong><\/p>\n<p>20:30 h &#8211; Palestra p\u00fablica, atendimento fraterno, passe, assit\u00eancia ps\u00edquica<\/p>\n<p><strong>5\u00aa Feira<\/strong><\/p>\n<p>20:30 h &#8211;\u00a0Assitencia espiritual<\/p>\n<p><strong>6\u00aa Feira<\/strong><\/p>\n<p>20:30 h &#8211; Palestra p\u00fablica, atendimento fraterno, passe, assitencia ps\u00edquica,Evangeliza\u00e7\u00e3o Infanto-Juvenil<\/p>\n<p>&nbsp;<\/p>\n<p>&nbsp;<\/p>\n<p>&nbsp;<\/p>\n","protected":false},"excerpt":{"rendered":"<p>Atendimento fraterno &gt;\u00a0Ter\u00e7a-feira: das 14:00 \u00e0s 15h30 &gt; Quarta e Sexta-feira: das\u00a019h \u00e0s 20h15 &nbsp; &nbsp; &nbsp; ATIVIDADES 2\u00aa Feira 20:30 h &#8211; Estudo Sistematizado da Doutrina Esp\u00edrita, curso de passes. 3\u00aa Feira 15:00 h &#8211; Palestra p\u00fablica, atendimento fraterno,\u00a0passe, assitencia espiritual 4\u00aa Feira 20:30 h &#8211; Palestra p\u00fablica, atendimento fraterno, passe, assit\u00eancia ps\u00edquica 5\u00aa [&hellip;]<\/p>\n","protected":false},"author":1,"featured_media":0,"parent":16,"menu_order":3,"comment_status":"closed","ping_status":"closed","template":"","meta":{"ngg_post_thumbnail":0},"_links":{"self":[{"href":"https:\/\/aeleiria.com\/wp\/index.php?rest_route=\/wp\/v2\/pages\/28"}],"collection":[{"href":"https:\/\/aeleiria.com\/wp\/index.php?rest_route=\/wp\/v2\/pages"}],"about":[{"href":"https:\/\/aeleiria.com\/wp\/index.php?rest_route=\/wp\/v2\/types\/page"}],"author":[{"embeddable":true,"href":"https:\/\/aeleiria.com\/wp\/index.php?rest_route=\/wp\/v2\/users\/1"}],"replies":[{"embeddable":true,"href":"https:\/\/aeleiria.com\/wp\/index.php?rest_route=%2Fwp%2Fv2%2Fcomments&post=28"}],"version-history":[{"count":14,"href":"https:\/\/aeleiria.com\/wp\/index.php?rest_route=\/wp\/v2\/pages\/28\/revisions"}],"predecessor-version":[{"id":235,"href":"https:\/\/aeleiria.com\/wp\/index.php?rest_route=\/wp\/v2\/pages\/28\/revisions\/235"}],"up":[{"embeddable":true,"href":"https:\/\/aeleiria.com\/wp\/index.php?rest_route=\/wp\/v2\/pages\/16"}],"wp:attachment":[{"href":"https:\/\/aeleiria.com\/wp\/index.php?rest_route=%2Fwp%2Fv2%2Fmedia&parent=28"}],"curies":[{"name":"wp","href":"https:\/\/api.w.org\/{rel}","templated":true}]}}