{"id":233,"date":"2012-11-15T15:21:48","date_gmt":"2012-11-15T15:21:48","guid":{"rendered":"http:\/\/aeleiria.com\/wp\/?page_id=233"},"modified":"2012-12-20T17:45:38","modified_gmt":"2012-12-20T17:45:38","slug":"atendimento-fraterno","status":"publish","type":"page","link":"https:\/\/aeleiria.com\/wp\/?page_id=233","title":{"rendered":"Departamento de Recep\u00e7\u00e3o e Atendimento Fraterno"},"content":{"rendered":"<p align=\"LEFT\">Neste Departamento, faz-se a recep\u00e7\u00e3o de todas as pessoas que chegam \u00e1 institui\u00e7\u00e3o. Procede-se ao atendimento individual e privado, atrav\u00e9s do dialogo fraterno, ouvindo os seus problemas com paci\u00eancia e toler\u00e2ncia, tentando ajud\u00e1-la a superar as suas atribula\u00e7\u00f5es, seus problemas \u00edntimos, dificuldades existenciais, conflitos e anseios, contribuindo com seguran\u00e7a para supera\u00e7\u00e3o das dificuldades e dando elucida\u00e7\u00f5es \u00e0 luz do Espiritismo. Encorajando as pessoas para o conhecimentos de si mesmas e eleva\u00e7\u00e3o do sua auto estima indispens\u00e1vel para o \u00eaxito nas lutas da vida e para o equil\u00edbrio emocional lembrando os ensinamentos do Cristo <strong><em>&#8220;Vinde a mim, v\u00f3s que estais aflitos e sobrecarregados e eu vos aliviarei\u201d.<\/em><\/strong><\/p>\n<h1 style=\"text-align: center;\" align=\"LEFT\"><strong><em>RECEP\u00c7\u00c3O<\/em><\/strong><\/h1>\n<p align=\"LEFT\"><a href=\"https:\/\/aeleiria.com\/wp\/wp-content\/uploads\/2012\/11\/rece\u00e7\u00e3o1.jpg\"><img decoding=\"async\" loading=\"lazy\" class=\" wp-image-445 alignleft\" title=\"rece\u00e7\u00e3o\" alt=\"\" src=\"https:\/\/aeleiria.com\/wp\/wp-content\/uploads\/2012\/11\/rece\u00e7\u00e3o1-300x220.jpg\" width=\"300\" height=\"220\" srcset=\"https:\/\/aeleiria.com\/wp\/wp-content\/uploads\/2012\/11\/rece\u00e7\u00e3o1-300x220.jpg 300w, https:\/\/aeleiria.com\/wp\/wp-content\/uploads\/2012\/11\/rece\u00e7\u00e3o1-148x108.jpg 148w, https:\/\/aeleiria.com\/wp\/wp-content\/uploads\/2012\/11\/rece\u00e7\u00e3o1-31x22.jpg 31w, https:\/\/aeleiria.com\/wp\/wp-content\/uploads\/2012\/11\/rece\u00e7\u00e3o1-38x27.jpg 38w, https:\/\/aeleiria.com\/wp\/wp-content\/uploads\/2012\/11\/rece\u00e7\u00e3o1-250x184.jpg 250w, https:\/\/aeleiria.com\/wp\/wp-content\/uploads\/2012\/11\/rece\u00e7\u00e3o1.jpg 607w\" sizes=\"(max-width: 300px) 100vw, 300px\" \/><\/a><\/p>\n<p align=\"LEFT\"><strong><em>\u00a0 \u00a0 \u00a0 \u00a0 \u00a0 \u00a0 \u00a0 \u00a0 \u00a0 \u00a0 \u00a0 \u00a0 \u00a0 \u00a0 \u00a0 \u00a0 \u00a0 \u00a0 \u00a0 \u00a0 \u00a0 \u00a0 \u00a0 \u00a0 \u00a0 \u00a0 \u00a0 \u00a0 \u00a0 \u00a0 \u00a0 \u00a0 \u00a0 \u00a0 \u00a0 \u00a0 \u00a0 \u00a0 \u00a0 \u00a0 \u00a0 \u00a0 \u00a0 <\/em><\/strong><\/p>\n<p align=\"LEFT\"><strong><em>Acolhimento de todos os que chegam \u00e1 Institui\u00e7\u00e3o esclarecendo-as sobre o hor\u00e1rio e processo de <em>atendimento.<\/em>\u00a0<\/em><\/strong><\/p>\n<p align=\"LEFT\"><strong><em>\u00a0 \u00a0 \u00a0 \u00a0 \u00a0 \u00a0 \u00a0 \u00a0 \u00a0 \u00a0 \u00a0 \u00a0 \u00a0 \u00a0 \u00a0 \u00a0 \u00a0 \u00a0 \u00a0 \u00a0 \u00a0 \u00a0 \u00a0 \u00a0 \u00a0 \u00a0 \u00a0 \u00a0 \u00a0 \u00a0 \u00a0 \u00a0 \u00a0 \u00a0 \u00a0 \u00a0 \u00a0 \u00a0 \u00a0 \u00a0 \u00a0 <\/em><\/strong><\/p>\n<p align=\"LEFT\"><strong><em>\u00a0 \u00a0 \u00a0 \u00a0 \u00a0 \u00a0 \u00a0 \u00a0 \u00a0 \u00a0 \u00a0 \u00a0 \u00a0 \u00a0 \u00a0 \u00a0 \u00a0 \u00a0 \u00a0 \u00a0 \u00a0 \u00a0 \u00a0 \u00a0 \u00a0 \u00a0 \u00a0 \u00a0 \u00a0 \u00a0 \u00a0<\/em><\/strong><\/p>\n<p align=\"LEFT\"><strong><em>\u00a0 \u00a0 \u00a0 \u00a0 \u00a0 \u00a0 \u00a0 \u00a0 \u00a0 \u00a0 \u00a0 \u00a0 \u00a0 \u00a0 \u00a0 \u00a0 \u00a0 \u00a0 \u00a0 \u00a0<\/em><\/strong><\/p>\n<h1 style=\"text-align: center;\" align=\"LEFT\"><strong style=\"text-align: center;\"><em>ATENDIMENTO INDIVIDUAL<\/em><\/strong><\/h1>\n<p><a href=\"https:\/\/aeleiria.com\/wp\/wp-content\/uploads\/2012\/11\/atendimenti-individual.jpg\"><img decoding=\"async\" loading=\"lazy\" class=\"alignleft\" title=\"atendimenti individual\" alt=\"\" src=\"https:\/\/aeleiria.com\/wp\/wp-content\/uploads\/2012\/11\/atendimenti-individual-272x300.jpg\" width=\"272\" height=\"300\" \/><\/a><\/p>\n<p align=\"LEFT\"><em><strong>\u00a0 \u00a0 \u00a0 \u00a0 \u00a0 \u00a0 \u00a0 \u00a0 \u00a0 \u00a0 \u00a0 \u00a0 \u00a0 \u00a0 \u00a0 \u00a0 \u00a0 \u00a0 \u00a0 \u00a0 \u00a0 \u00a0 \u00a0 \u00a0 \u00a0 \u00a0 \u00a0 \u00a0 \u00a0 \u00a0 \u00a0 \u00a0 \u00a0 \u00a0 \u00a0 \u00a0 \u00a0 \u00a0 \u00a0 \u00a0 \u00a0 \u00a0 \u00a0 \u00a0 \u00a0 <\/strong><\/em><\/p>\n<p align=\"LEFT\"><em><strong>\u00a0 \u00a0 \u00a0 \u00a0 \u00a0 \u00a0 \u00a0 \u00a0 \u00a0 \u00a0 \u00a0 \u00a0 \u00a0 \u00a0 \u00a0 \u00a0 \u00a0 \u00a0 \u00a0 \u00a0 \u00a0 \u00a0 \u00a0 \u00a0 \u00a0 \u00a0 \u00a0 \u00a0 \u00a0 \u00a0 \u00a0 \u00a0 \u00a0 \u00a0 \u00a0 \u00a0 \u00a0 \u00a0 \u00a0 <\/strong><\/em><\/p>\n<p align=\"LEFT\"><em><strong>Ap\u00f3s a recep\u00e7\u00e3o \u00e9 feito o atendimento fraterno, ouvindo o problema que leva a pessoa a AEL e aconselhando a pessoa a ir ao passe e a fazer o Culto do Evangelho no Lar, bem como a ora\u00e7\u00e3o ao deitar.<\/strong><\/em><\/p>\n<p style=\"text-align: left;\" align=\"LEFT\"><strong><em>\u00a0 \u00a0 \u00a0 \u00a0 \u00a0 \u00a0 \u00a0 \u00a0 \u00a0 \u00a0 \u00a0 \u00a0 \u00a0 \u00a0 \u00a0 \u00a0 \u00a0 \u00a0 \u00a0 \u00a0 \u00a0 \u00a0 \u00a0 \u00a0 \u00a0 \u00a0 \u00a0 \u00a0 \u00a0 \u00a0 \u00a0 <\/em><\/strong><\/p>\n<p style=\"text-align: left;\" align=\"LEFT\"><strong><em>\u00a0 \u00a0 \u00a0 \u00a0 \u00a0 \u00a0 \u00a0 \u00a0 \u00a0 \u00a0 \u00a0 \u00a0 \u00a0 \u00a0 \u00a0 \u00a0 \u00a0 \u00a0 \u00a0 \u00a0 \u00a0 \u00a0 \u00a0 \u00a0 \u00a0 \u00a0 \u00a0 \u00a0 \u00a0 \u00a0 \u00a0 \u00a0 \u00a0 \u00a0 \u00a0 \u00a0 \u00a0 \u00a0<\/em><\/strong><\/p>\n<h1 style=\"text-align: center;\" align=\"LEFT\"><strong><em>\u00a0 <\/em><\/strong><strong style=\"text-align: center;\"><em>E<\/em><\/strong><strong style=\"text-align: center;\"><em>SCLARECIMENTO<\/em><\/strong><\/h1>\n<p align=\"LEFT\"><a style=\"font-style: normal; line-height: 21px; text-decoration: underline;\" href=\"https:\/\/aeleiria.com\/wp\/wp-content\/uploads\/2012\/11\/esclarecimento.jpg\"><img decoding=\"async\" loading=\"lazy\" class=\"alignleft size-medium wp-image-447\" style=\"border-color: #bbbbbb; background-color: #eeeeee;\" title=\"esclarecimento\" alt=\"\" src=\"https:\/\/aeleiria.com\/wp\/wp-content\/uploads\/2012\/11\/esclarecimento-300x179.jpg\" width=\"300\" height=\"179\" srcset=\"https:\/\/aeleiria.com\/wp\/wp-content\/uploads\/2012\/11\/esclarecimento-300x179.jpg 300w, https:\/\/aeleiria.com\/wp\/wp-content\/uploads\/2012\/11\/esclarecimento-148x88.jpg 148w, https:\/\/aeleiria.com\/wp\/wp-content\/uploads\/2012\/11\/esclarecimento-31x18.jpg 31w, https:\/\/aeleiria.com\/wp\/wp-content\/uploads\/2012\/11\/esclarecimento-38x22.jpg 38w, https:\/\/aeleiria.com\/wp\/wp-content\/uploads\/2012\/11\/esclarecimento-359x215.jpg 359w, https:\/\/aeleiria.com\/wp\/wp-content\/uploads\/2012\/11\/esclarecimento-250x149.jpg 250w, https:\/\/aeleiria.com\/wp\/wp-content\/uploads\/2012\/11\/esclarecimento.jpg 573w\" sizes=\"(max-width: 300px) 100vw, 300px\" \/><\/a><\/p>\n<p align=\"LEFT\">\u00a0 \u00a0 \u00a0 \u00a0 \u00a0 \u00a0 \u00a0 \u00a0 \u00a0 \u00a0 \u00a0 \u00a0 \u00a0 \u00a0 \u00a0 \u00a0 \u00a0 \u00a0 \u00a0 \u00a0 \u00a0 \u00a0 \u00a0 \u00a0 \u00a0 \u00a0 \u00a0 \u00a0 \u00a0 \u00a0 \u00a0 \u00a0 \u00a0 \u00a0 \u00a0 \u00a0 \u00a0 \u00a0 \u00a0 \u00a0 \u00a0 \u00a0<strong><em>Ap\u00f3s a an\u00e1lise do problema que foi apresentado \u00e9 a pessoa conduzida a uma reuni\u00e3o de esclarecimento onde \u00e9 esclarecida sobre a forma de trabalho de ajuda de ajuda da casa e como ela ter\u00e1 de proceder para obter o auxilio espiritual que a levou a casa esp\u00edrita (AEL). \u00a0 \u00a0 \u00a0 \u00a0<\/em> <\/strong><\/p>\n","protected":false},"excerpt":{"rendered":"<p>Neste Departamento, faz-se a recep\u00e7\u00e3o de todas as pessoas que chegam \u00e1 institui\u00e7\u00e3o. Procede-se ao atendimento individual e privado, atrav\u00e9s do dialogo fraterno, ouvindo os seus problemas com paci\u00eancia e toler\u00e2ncia, tentando ajud\u00e1-la a superar as suas atribula\u00e7\u00f5es, seus problemas \u00edntimos, dificuldades existenciais, conflitos e anseios, contribuindo com seguran\u00e7a para supera\u00e7\u00e3o das dificuldades e dando [&hellip;]<\/p>\n","protected":false},"author":1,"featured_media":0,"parent":616,"menu_order":1,"comment_status":"closed","ping_status":"closed","template":"","meta":{"ngg_post_thumbnail":0},"_links":{"self":[{"href":"https:\/\/aeleiria.com\/wp\/index.php?rest_route=\/wp\/v2\/pages\/233"}],"collection":[{"href":"https:\/\/aeleiria.com\/wp\/index.php?rest_route=\/wp\/v2\/pages"}],"about":[{"href":"https:\/\/aeleiria.com\/wp\/index.php?rest_route=\/wp\/v2\/types\/page"}],"author":[{"embeddable":true,"href":"https:\/\/aeleiria.com\/wp\/index.php?rest_route=\/wp\/v2\/users\/1"}],"replies":[{"embeddable":true,"href":"https:\/\/aeleiria.com\/wp\/index.php?rest_route=%2Fwp%2Fv2%2Fcomments&post=233"}],"version-history":[{"count":51,"href":"https:\/\/aeleiria.com\/wp\/index.php?rest_route=\/wp\/v2\/pages\/233\/revisions"}],"predecessor-version":[{"id":937,"href":"https:\/\/aeleiria.com\/wp\/index.php?rest_route=\/wp\/v2\/pages\/233\/revisions\/937"}],"up":[{"embeddable":true,"href":"https:\/\/aeleiria.com\/wp\/index.php?rest_route=\/wp\/v2\/pages\/616"}],"wp:attachment":[{"href":"https:\/\/aeleiria.com\/wp\/index.php?rest_route=%2Fwp%2Fv2%2Fmedia&parent=233"}],"curies":[{"name":"wp","href":"https:\/\/api.w.org\/{rel}","templated":true}]}}