{"id":2,"date":"2012-11-12T09:47:15","date_gmt":"2012-11-12T09:47:15","guid":{"rendered":"http:\/\/aeleiria.com\/wp\/?page_id=2"},"modified":"2012-11-29T12:15:58","modified_gmt":"2012-11-29T12:15:58","slug":"sample-page","status":"publish","type":"page","link":"https:\/\/aeleiria.com\/wp\/?page_id=2","title":{"rendered":"O que \u00e9 o Espiritismo?"},"content":{"rendered":"<p><a href=\"https:\/\/aeleiria.com\/wp\/wp-content\/uploads\/2012\/11\/allankardec_b29o_wnxi.jpg\"><img decoding=\"async\" loading=\"lazy\" class=\"alignleft  wp-image-98\" title=\"allankardec_b29o_wnxi\" src=\"https:\/\/aeleiria.com\/wp\/wp-content\/uploads\/2012\/11\/allankardec_b29o_wnxi.jpg\" alt=\"\" width=\"227\" height=\"307\" \/><\/a>* \u00c9 o conjunto de princ\u00edpios e leis, revelados pelos Esp\u00edritos Superiores, contidos nas obras de Allan Kardec que constituem a Codifica\u00e7\u00e3o Esp\u00edrita: O Livro dos Esp\u00edritos, O Livro dos M\u00e9diuns, O Evangelho segundo o Espiritismo, O C\u00e9u e o Inferno e A G\u00eanese.<\/p>\n<h4 style=\"text-align: left;\">\u201cO Espiritismo \u00e9 uma ci\u00eancia que trata da natureza, origem e destino dos Esp\u00edritos, bem como de suas rela\u00e7\u00f5es com o mundo corporal.\u201d\u00a0Allan Kardec\u00a0\u00a0\u00a0\u00a0\u00a0\u00a0\u00a0\u00a0\u00a0\u00a0\u00a0\u00a0\u00a0\u00a0\u00a0\u00a0\u00a0\u00a0 \u00a0\u00a0\u00a0\u00a0\u00a0\u00a0 \u00a0\u00a0\u00a0\u00a0\u00a0\u00a0 \u00a0(O que \u00e9 o Espiritismo \u2013 pre\u00e2mbulo)<\/h4>\n<p>&nbsp;<\/p>\n<p>\u201cO Espiritismo realiza o que Jesus disse do Consolador prometido: conhecimento das coisas, fazendo que o homem saiba donde vem, para onde vai e por que est\u00e1 na Terra; atrai para os verdadeiros princ\u00edpios da lei de Deus e consola pela f\u00e9 e pela esperan\u00e7a.\u201d<\/p>\n<p><em>Allan Kardec (O Evangelho segundo o Espiritismo \u2013 cap. VI \u2013 4)<\/em><\/p>\n<p>&nbsp;<\/p>\n<p style=\"text-align: left;\">\n","protected":false},"excerpt":{"rendered":"<p>* \u00c9 o conjunto de princ\u00edpios e leis, revelados pelos Esp\u00edritos Superiores, contidos nas obras de Allan Kardec que constituem a Codifica\u00e7\u00e3o Esp\u00edrita: O Livro dos Esp\u00edritos, O Livro dos M\u00e9diuns, O Evangelho segundo o Espiritismo, O C\u00e9u e o Inferno e A G\u00eanese. \u201cO Espiritismo \u00e9 uma ci\u00eancia que trata da natureza, origem e [&hellip;]<\/p>\n","protected":false},"author":1,"featured_media":0,"parent":0,"menu_order":0,"comment_status":"closed","ping_status":"closed","template":"","meta":{"ngg_post_thumbnail":0},"_links":{"self":[{"href":"https:\/\/aeleiria.com\/wp\/index.php?rest_route=\/wp\/v2\/pages\/2"}],"collection":[{"href":"https:\/\/aeleiria.com\/wp\/index.php?rest_route=\/wp\/v2\/pages"}],"about":[{"href":"https:\/\/aeleiria.com\/wp\/index.php?rest_route=\/wp\/v2\/types\/page"}],"author":[{"embeddable":true,"href":"https:\/\/aeleiria.com\/wp\/index.php?rest_route=\/wp\/v2\/users\/1"}],"replies":[{"embeddable":true,"href":"https:\/\/aeleiria.com\/wp\/index.php?rest_route=%2Fwp%2Fv2%2Fcomments&post=2"}],"version-history":[{"count":7,"href":"https:\/\/aeleiria.com\/wp\/index.php?rest_route=\/wp\/v2\/pages\/2\/revisions"}],"predecessor-version":[{"id":559,"href":"https:\/\/aeleiria.com\/wp\/index.php?rest_route=\/wp\/v2\/pages\/2\/revisions\/559"}],"wp:attachment":[{"href":"https:\/\/aeleiria.com\/wp\/index.php?rest_route=%2Fwp%2Fv2%2Fmedia&parent=2"}],"curies":[{"name":"wp","href":"https:\/\/api.w.org\/{rel}","templated":true}]}}