{"id":16,"date":"2012-11-12T11:29:29","date_gmt":"2012-11-12T11:29:29","guid":{"rendered":"http:\/\/aeleiria.com\/wp\/?page_id=16"},"modified":"2012-11-21T17:42:14","modified_gmt":"2012-11-21T17:42:14","slug":"sobre-nos","status":"publish","type":"page","link":"https:\/\/aeleiria.com\/wp\/?page_id=16","title":{"rendered":"Sobre n\u00f3s"},"content":{"rendered":"<p><a href=\"https:\/\/aeleiria.com\/wp\/wp-content\/uploads\/2012\/11\/CENTRO-ESPIRITA-EM-LEIRIA.jpg\"><img decoding=\"async\" loading=\"lazy\" title=\"CENTRO ESPIRITA EM LEIRIA\" src=\"https:\/\/aeleiria.com\/wp\/wp-content\/uploads\/2012\/11\/CENTRO-ESPIRITA-EM-LEIRIA-300x225.jpg\" alt=\"\" width=\"251\" height=\"196\" \/><\/a><\/p>\n<p><em><strong>LEIRIA PRIM\u00d3RDIOS<\/strong><\/em><\/p>\n<p>O fen\u00f3meno das mesas girantes, espalhara-se por todo o pa\u00eds e Leiria n\u00e3o deixou de adoptar as mesmas modas, assim os pequenos grupos que faziam experi\u00eancias espalhavam-se pela cidade, pessoas existiam que faziam estudos s\u00e9rios mas s\u00f3 um acontecimento inesperado viria a motivar a constitui\u00e7\u00e3o do primeiro grupo esp\u00edrita devidamente organizado de Leiria. D\u00aa. Adolfina Carri\u00e7o Portugal, uma senhora muito benquista na cidade, um dia ao passar na pra\u00e7a Rodrigues Lobo, em frente \u00e0 loja Carri\u00e7o caiu e por mais esfor\u00e7os que fizessem ningu\u00e9m conseguia levant\u00e1-la, at\u00e9 que o Sr. Avelino Fernandes, pessoa j\u00e1 com alguns conhecimentos sobre a problem\u00e1tica da mediunidade, se abeirou e auxiliou a respeit\u00e1vel senhora que ficou perplexa com o acontecido. Foi este facto que deu origem \u00e0s reuni\u00f5es \u00edntimas em casa da protagonista, que funcionaram durante v\u00e1rios anos at\u00e9 que, por conselho de um guia espiritual que habitualmente se comunicava foram aconselhados a abrir um centro, dando assim origem \u00e0 constitui\u00e7\u00e3o jur\u00eddica do CENTRO ESP\u00cdRITA DE LEIRIA, cuja escritura data de 2 de Maio de 1917.<\/p>\n<p>Este grupo alicer\u00e7ado no estudo, na pr\u00e1tica medi\u00fanica e na ajuda fraterna, contava ainda com dias definidos para auxilio a doentes, alcan\u00e7ou um elevado respeito na cidade e a ele se associaram as mais gratas figuras da vida Leiriense, entre os quais destacamos:<\/p>\n<p>Sr. Avelino Fernandes Capit\u00e3o Ribeiro e esposa D. Joaninha Prof. Nicolau Ferreira D. Adolfina Carri\u00e7o Portugal Sr. Baptista D. Beatriz Boavida Sr. Jos\u00e9 Elias D. Dores Torres Sr. Ramos Pinto e esposa D. Elvira Patr\u00edcio Sr. Carri\u00e7o D. Maria Jos\u00e9 D. Fernanda Vieira de Oliveira Santos Delfim Lu\u00eds Pires<\/p>\n<p>Neste grupo existiam m\u00e9diuns portadores de v\u00e1rias faculdades, como era o caso de D\u00aa. Adolfina portadora de m\u00faltiplas faculdades como: Psicofonia, Clarividente, Clariaudiente e Mediunidade de Cura, existindo ainda no grupo m\u00e9diuns semi-mec\u00e2nicos de psicografia, como era o caso do Capit\u00e3o Ribeiro. Devemos ainda destacar o alto n\u00edvel de comunica\u00e7\u00f5es deste grupo de estudo, que se denominava F\u00c9 E CARIDADE, onde eram habituais as comunica\u00e7\u00f5es dos Esp\u00edritos, Dr. E\u00e7a e Dr. Guerra, que devido ao facto das mensagem conterem informa\u00e7\u00f5es id\u00f3neas e de conte\u00fado instrutivo decidiu public\u00e1-las em livros, CONSELHOS DO INVIS\u00cdVEL, editado em 1921 e RASGANDO AS TREVAS, publicado em 1923, durante v\u00e1rios anos o Centro Esp\u00edrita de Leiria publicou ainda o Jornal o SOL DO PORVIR, do qual existem ainda alguns exemplares arquivados na Biblioteca da cidade. ENCERRAMENTO &#8211; Este grupo funcionou regularmente at\u00e9 que uma noite atrav\u00e9s de uma comunica\u00e7\u00e3o espiritual os seus elementos receberam uma comunica\u00e7\u00e3o dando-lhes a conhecer que se iria desenrolar no pa\u00eds uma longa \u00e9poca de sil\u00eancio que muita dor traria aos esp\u00edritas portugueses. Foram ainda avisados para retirar tudo quanto existia no grupo, pois no dia seguinte iriam ser objecto de uma busca e o grupo iria ser encerrado conforme determina\u00e7\u00e3o superior.<\/p>\n<p>Recolhidos todos os documentos foram eles distribu\u00eddos por v\u00e1rias pessoas em casa distantes, n\u00e3o tendo sido recuperados at\u00e9 ao presente a n\u00e3o ser uma pequena parcela de algumas actas. No dia seguinte as autoridades dirigiram-se ao Centro esp\u00edrita de Leiria mas apenas encontraram o mobili\u00e1rio tendo ent\u00e3o lacrado suas portas, que se fecharam para sempre, embora tenha surgido uma nova aurora.<\/p>\n<p><em><strong>HIATO<\/strong><\/em><\/p>\n<p>Durante longos anos os esp\u00edritas Leirienses reuniam-se sigilosamente, ora em casa de um ora em casa de outro, tendo em conta os condicionalismos da \u00e9poca que proibia a reuni\u00e3o de mais de cinco pessoas, para que n\u00e3o fosse considerada subversiva, era assim que as pessoas entravam e sa\u00edam a espa\u00e7os largos para n\u00e3o chamar a aten\u00e7\u00e3o e l\u00e1 iam continuando seus estudos, recebendo as comunica\u00e7\u00f5es e at\u00e9 praticando a caridade de forma silenciosa.<\/p>\n<p><a href=\"https:\/\/aeleiria.com\/wp\/wp-content\/uploads\/2012\/11\/INICIO.jpg\"><img decoding=\"async\" loading=\"lazy\" title=\"INICIO\" src=\"https:\/\/aeleiria.com\/wp\/wp-content\/uploads\/2012\/11\/INICIO-300x224.jpg\" alt=\"\" width=\"253\" height=\"191\" \/><\/a><\/p>\n<p>Nesse per\u00edodo uma das pessoas que mais se destacou foi Delfim Lu\u00eds Pires, homem simples mas de uma forma\u00e7\u00e3o cultural riqu\u00edssima e multifacetada que durante essa longa noite jamais se afastou da doutrina do seu cora\u00e7\u00e3o e em seu lar recebia todos aqueles que o buscavam, qualquer que fosse o problema que os afligia, mas tamb\u00e9m aqueles que desejosos de conhecer algo sobre a Doutrina Esp\u00edrita, ou factos paranormais o procuravam para questionar e dialogar, mantendo viva a chama da Doutrina em terras do Lis.<\/p>\n<p><em><strong> <\/strong><\/em><em><strong>ASSOCIA\u00c7\u00c3O ESP\u00cdRITA DE LEIRIA<\/strong><\/em><\/p>\n<p>No alvorecer da liberdade, em casa de Delfim Lu\u00eds Pires j\u00e1 um pequeno grupo de esp\u00edritas se reunia h\u00e1 v\u00e1rios anos, habitualmente a estudar a Filosofia da Alma, essas reuni\u00f5es ap\u00f3s o 25 de Abril de 1974 passaram a realizar-se uma vez por semana, aos poucos esse grupo foi crescendo, e ali fomos estando at\u00e9 que este companheiro adoeceu gravemente levando o grupo a tomar um outro direccionamento. Foi ent\u00e3o que em 1980 quando esse grupo familiar j\u00e1 tinha cerca de 10 anos de exist\u00eancia que foi sugerida a constitui\u00e7\u00e3o de um grupo esp\u00edrita que desse continuidade ao trabalho daquele lutador, que foi sem sombra de d\u00favida o marco hist\u00f3rico entre o passado e o presente. Iniciaram-se ent\u00e3o as dilig\u00eancias para se constituir o grupo, com a elabora\u00e7\u00e3o de estatutos, e regulamentos internos, a constitui\u00e7\u00e3o dos corpos sociais, bem como os procedimentos necess\u00e1rios para que a institui\u00e7\u00e3o fosse federada ao movimento esp\u00edrita Portugu\u00eas Durante cerca de um ano foi-se fazendo um mealheiro que possibilitasse o pagamento da escritura e esta concretizou-se a 11 de Setembro de 1981, data em que nascia a ASSOCIA\u00c7\u00c3O ESP\u00cdRITA DE LEIRIA. Durante algum tempo a seda da Associa\u00e7\u00e3o manteve-se nas mesmas instala\u00e7\u00f5es a t\u00edtulo provis\u00f3rio, at\u00e9 que nos foi poss\u00edvel encontrar uma sede, onde assumimos a nova denomina\u00e7\u00e3o, uma vez que at\u00e9 ali todos refer\u00edamos carinhosamente que \u00edamos ao Pai Pires, essa primeira sede aut\u00f3noma foi na rua Rafael Bordalo Pinheiro, no Bairro dos Anjos, em Leiria, tendo depois passado para a Rua Francisco Ribeiro de Carvalho, n\u00ba 9, Cave, tamb\u00e9m em Leiria, onde permanecemos durante cerca de 20 anos, sendo intimados a mudar de instala\u00e7\u00f5es devido ao facto dos cond\u00f3minos terem feito uma queixa \u00e0 C\u00e2mara Municipal de Leiria, alegando o facto de estarmos instalados num armaz\u00e9m e a Lei Portuguesa o n\u00e3o permitir, por sermos uma institui\u00e7\u00e3o de car\u00e1cter religioso. Assim vimo-nos obrigados a desenvolver esfor\u00e7os para a compra de um terreno, onde pud\u00e9ssemos construir uma sede que satisfizesse as nossas necessidades e acima de tudo fosse aut\u00f3nomo de vizinhos, e o sonho tornou-se realidade quando no dia 11 de Setembro de 2004 inauguramos as novas instala\u00e7\u00f5es situadas na Rua da Cervas, 135 \u2013 Barosa \u2013 Leiria, quando faz\u00edamos 24 anos de exist\u00eancia jur\u00eddica.<\/p>\n<p><a href=\"https:\/\/aeleiria.com\/wp\/wp-content\/uploads\/2012\/11\/AEL-ACTUAL_pk.jpg\"><img decoding=\"async\" loading=\"lazy\" title=\"AEL-ACTUAL_pk\" src=\"https:\/\/aeleiria.com\/wp\/wp-content\/uploads\/2012\/11\/AEL-ACTUAL_pk-300x224.jpg\" alt=\"\" width=\"300\" height=\"224\" \/><\/a><\/p>\n","protected":false},"excerpt":{"rendered":"<p>LEIRIA PRIM\u00d3RDIOS O fen\u00f3meno das mesas girantes, espalhara-se por todo o pa\u00eds e Leiria n\u00e3o deixou de adoptar as mesmas modas, assim os pequenos grupos que faziam experi\u00eancias espalhavam-se pela cidade, pessoas existiam que faziam estudos s\u00e9rios mas s\u00f3 um acontecimento inesperado viria a motivar a constitui\u00e7\u00e3o do primeiro grupo esp\u00edrita devidamente organizado de Leiria. [&hellip;]<\/p>\n","protected":false},"author":1,"featured_media":0,"parent":0,"menu_order":0,"comment_status":"closed","ping_status":"closed","template":"","meta":{"ngg_post_thumbnail":0},"_links":{"self":[{"href":"https:\/\/aeleiria.com\/wp\/index.php?rest_route=\/wp\/v2\/pages\/16"}],"collection":[{"href":"https:\/\/aeleiria.com\/wp\/index.php?rest_route=\/wp\/v2\/pages"}],"about":[{"href":"https:\/\/aeleiria.com\/wp\/index.php?rest_route=\/wp\/v2\/types\/page"}],"author":[{"embeddable":true,"href":"https:\/\/aeleiria.com\/wp\/index.php?rest_route=\/wp\/v2\/users\/1"}],"replies":[{"embeddable":true,"href":"https:\/\/aeleiria.com\/wp\/index.php?rest_route=%2Fwp%2Fv2%2Fcomments&post=16"}],"version-history":[{"count":14,"href":"https:\/\/aeleiria.com\/wp\/index.php?rest_route=\/wp\/v2\/pages\/16\/revisions"}],"predecessor-version":[{"id":394,"href":"https:\/\/aeleiria.com\/wp\/index.php?rest_route=\/wp\/v2\/pages\/16\/revisions\/394"}],"wp:attachment":[{"href":"https:\/\/aeleiria.com\/wp\/index.php?rest_route=%2Fwp%2Fv2%2Fmedia&parent=16"}],"curies":[{"name":"wp","href":"https:\/\/api.w.org\/{rel}","templated":true}]}}